{"id":17847,"date":"2021-04-19T23:14:03","date_gmt":"2021-04-19T21:14:03","guid":{"rendered":"https:\/\/www.goldkiller.pl\/contact-us\/"},"modified":"2026-02-11T20:03:02","modified_gmt":"2026-02-11T19:03:02","slug":"contact-us-en","status":"publish","type":"page","link":"https:\/\/www.goldkiller.pl\/en\/contact-us-en\/","title":{"rendered":"Contact Us"},"content":{"rendered":"<div class=\"wpb-content-wrapper\"><p>[vc_row css_animation=&#8221;none&#8221; css=&#8221;.vc_custom_1616358184954{margin-right: -50px !important;margin-left: -50px !important;}&#8221; mobile_bg_img_hidden=&#8221;no&#8221; tablet_bg_img_hidden=&#8221;no&#8221; woodmart_parallax=&#8221;0&#8243; woodmart_gradient_switch=&#8221;no&#8221; row_reverse_mobile=&#8221;0&#8243; row_reverse_tablet=&#8221;0&#8243; woodmart_disable_overflow=&#8221;0&#8243;][vc_column css=&#8221;.vc_custom_1496927710186{border-right-width: 1px !important;padding-top: 20px !important;padding-right: 50px !important;padding-bottom: 10px !important;padding-left: 50px !important;border-right-color: #e8e8e8 !important;border-right-style: solid !important;}&#8221; offset=&#8221;vc_col-lg-6 vc_col-md-6&#8243;][vc_column_text text_larger=&#8221;no&#8221;]<\/p>\n<h3 style=\"text-align: center;\">Please do not hesitate to contact us. Be the first to know! Special offers, promotions and news only for our Gold Killer customers.<\/h3>\n<p>[\/vc_column_text][vc_column_text css=&#8221;.vc_custom_1770836578128{margin-top: -20px !important;}&#8221; text_larger=&#8221;no&#8221; woodmart_inline=&#8221;no&#8221;]<\/p>\n<h3 style=\"text-align: center;\"><span class=\"_5yl5\"><strong>E-mail:<\/strong><br \/>\nsklep@goldkiller.pl<\/span><\/h3>\n<h3 style=\"text-align: center;\"><span class=\"_5yl5\"><strong>Phone:<\/strong><br \/>\n733 211 366<br \/>\n<\/span><\/h3>\n<h3 style=\"text-align: center;\"><strong>Address: <\/strong>Gold Killer<\/h3>\n<h3 style=\"text-align: center;\">ul. Ko\u0142\u0142\u0105taja 5\/1, 45-064 Opole<\/h3>\n<p>[\/vc_column_text][\/vc_column][vc_column css=&#8221;.vc_custom_1496927688909{padding-top: 20px !important;padding-right: 50px !important;padding-bottom: 10px !important;padding-left: 50px !important;}&#8221; offset=&#8221;vc_col-lg-6 vc_col-md-6&#8243;]\n\t\t<div id=\"wd-5ec6d133db443\" class=\"title-wrapper wd-wpb wd-set-mb reset-last-child  wd-rs-5ec6d133db443 wd-title-color-default wd-title-style-default text-left  wd-underline-colored\">\n\t\t\t\n\t\t\t<div class=\"liner-continer\">\n\t\t\t\t<h4 class=\"woodmart-title-container title  wd-font-weight- wd-fontsize-l\" >WRITE TO US<\/h4>\n\t\t\t\t\t\t\t<\/div>\n\t\t\t\n\t\t\t\n\t\t\t\n\t\t<\/div>\n\t\t\n\t\t[\/vc_column][\/vc_row]<\/p>\n<\/div>","protected":false},"excerpt":{"rendered":"<p>[vc_row css_animation=&#8221;none&#8221; css=&#8221;.vc_custom_1616358184954{margin-right: -50px !important;margin-left: -50px !important;}&#8221; mobile_bg_img_hidden=&#8221;no&#8221; tablet_bg_img_hidden=&#8221;no&#8221; woodmart_parallax=&#8221;0&#8243; woodmart_gradient_switch=&#8221;no&#8221; row_reverse_mobile=&#8221;0&#8243; row_reverse_tablet=&#8221;0&#8243; woodmart_disable_overflow=&#8221;0&#8243;][vc_column css=&#8221;.vc_custom_1496927710186{border-right-width: 1px !important;padding-top: 20px !important;padding-right: 50px<\/p>\n","protected":false},"author":109,"featured_media":0,"parent":0,"menu_order":0,"comment_status":"closed","ping_status":"closed","template":"","meta":{"footnotes":""},"class_list":["post-17847","page","type-page","status-publish","hentry"],"_links":{"self":[{"href":"https:\/\/www.goldkiller.pl\/en\/wp-json\/wp\/v2\/pages\/17847","targetHints":{"allow":["GET"]}}],"collection":[{"href":"https:\/\/www.goldkiller.pl\/en\/wp-json\/wp\/v2\/pages"}],"about":[{"href":"https:\/\/www.goldkiller.pl\/en\/wp-json\/wp\/v2\/types\/page"}],"author":[{"embeddable":true,"href":"https:\/\/www.goldkiller.pl\/en\/wp-json\/wp\/v2\/users\/109"}],"replies":[{"embeddable":true,"href":"https:\/\/www.goldkiller.pl\/en\/wp-json\/wp\/v2\/comments?post=17847"}],"version-history":[{"count":5,"href":"https:\/\/www.goldkiller.pl\/en\/wp-json\/wp\/v2\/pages\/17847\/revisions"}],"predecessor-version":[{"id":71536,"href":"https:\/\/www.goldkiller.pl\/en\/wp-json\/wp\/v2\/pages\/17847\/revisions\/71536"}],"wp:attachment":[{"href":"https:\/\/www.goldkiller.pl\/en\/wp-json\/wp\/v2\/media?parent=17847"}],"curies":[{"name":"wp","href":"https:\/\/api.w.org\/{rel}","templated":true}]}}